{"id":17,"date":"2023-09-03T11:07:12","date_gmt":"2023-09-03T09:07:12","guid":{"rendered":"https:\/\/sousdesecoles.berfini.fr\/index.php\/about\/"},"modified":"2026-03-16T15:21:32","modified_gmt":"2026-03-16T14:21:32","slug":"accueil","status":"publish","type":"page","link":"https:\/\/soudesecolesdevarces.fr\/","title":{"rendered":"Accueil"},"content":{"rendered":"\t\t<div data-elementor-type=\"wp-page\" data-elementor-id=\"17\" class=\"elementor elementor-17\">\n\t\t\t\t\t\t<section class=\"elementor-section elementor-top-section elementor-element elementor-element-105af49e elementor-section-full_width elementor-section-height-default elementor-section-height-default\" data-id=\"105af49e\" data-element_type=\"section\" data-settings=\"{&quot;background_background&quot;:&quot;classic&quot;}\">\n\t\t\t\t\t\t<div class=\"elementor-container elementor-column-gap-no\">\n\t\t\t\t\t<div class=\"elementor-column elementor-col-50 elementor-top-column elementor-element elementor-element-cfd8dd3\" data-id=\"cfd8dd3\" data-element_type=\"column\">\n\t\t\t<div class=\"elementor-widget-wrap elementor-element-populated\">\n\t\t\t\t\t\t<div class=\"elementor-element elementor-element-377b183 elementor-widget elementor-widget-spacer\" data-id=\"377b183\" data-element_type=\"widget\" data-widget_type=\"spacer.default\">\n\t\t\t\t<div class=\"elementor-widget-container\">\n\t\t\t\t\t\t\t<div class=\"elementor-spacer\">\n\t\t\t<div class=\"elementor-spacer-inner\"><\/div>\n\t\t<\/div>\n\t\t\t\t\t\t<\/div>\n\t\t\t\t<\/div>\n\t\t\t\t<div class=\"elementor-element elementor-element-1fc36d9f elementor-widget elementor-widget-image\" data-id=\"1fc36d9f\" data-element_type=\"widget\" data-widget_type=\"image.default\">\n\t\t\t\t<div class=\"elementor-widget-container\">\n\t\t\t\t\t\t\t\t\t\t\t\t\t\t\t<img fetchpriority=\"high\" decoding=\"async\" width=\"940\" height=\"788\" src=\"https:\/\/soudesecolesdevarces.fr\/wp-content\/uploads\/2023\/09\/Sou-des-ecoles.png\" class=\"attachment-full size-full wp-image-64\" alt=\"\" srcset=\"https:\/\/soudesecolesdevarces.fr\/wp-content\/uploads\/2023\/09\/Sou-des-ecoles.png 940w, https:\/\/soudesecolesdevarces.fr\/wp-content\/uploads\/2023\/09\/Sou-des-ecoles-300x251.png 300w, https:\/\/soudesecolesdevarces.fr\/wp-content\/uploads\/2023\/09\/Sou-des-ecoles-768x644.png 768w\" sizes=\"(max-width: 940px) 100vw, 940px\" \/>\t\t\t\t\t\t\t\t\t\t\t\t\t\t\t<\/div>\n\t\t\t\t<\/div>\n\t\t\t\t\t<\/div>\n\t\t<\/div>\n\t\t\t\t<div class=\"elementor-column elementor-col-50 elementor-top-column elementor-element elementor-element-f32993f\" data-id=\"f32993f\" data-element_type=\"column\">\n\t\t\t<div class=\"elementor-widget-wrap elementor-element-populated\">\n\t\t\t\t\t\t<div class=\"elementor-element elementor-element-796d2345 elementor-invisible elementor-widget elementor-widget-heading\" data-id=\"796d2345\" data-element_type=\"widget\" data-settings=\"{&quot;_animation&quot;:&quot;fadeInDown&quot;}\" data-widget_type=\"heading.default\">\n\t\t\t\t<div class=\"elementor-widget-container\">\n\t\t\t\t\t<h1 class=\"elementor-heading-title elementor-size-default\">Bienvenue<\/h1>\t\t\t\t<\/div>\n\t\t\t\t<\/div>\n\t\t\t\t<div class=\"elementor-element elementor-element-71ebc2f2 elementor-widget__width-initial elementor-widget elementor-widget-text-editor\" data-id=\"71ebc2f2\" data-element_type=\"widget\" data-widget_type=\"text-editor.default\">\n\t\t\t\t<div class=\"elementor-widget-container\">\n\t\t\t\t\t\t\t\t\t<p>Notre association soutient activement les projets extrascolaires de nos enfants, qu&rsquo;ils soient \u00e0 Mallerin ou aux Poussous. <br \/>Notre engagement ? Faire de leur \u00e9ducation une exp\u00e9rience enrichissante et inoubliable.<\/p><p>Tout au long de l&rsquo;ann\u00e9e, nous organisons des ventes et des \u00e9v\u00e9nements passionnants pour collecter les fonds n\u00e9cessaires \u00e0 la r\u00e9alisation de ces projets. C&rsquo;est gr\u00e2ce \u00e0 votre g\u00e9n\u00e9rosit\u00e9 et votre participation que nous pouvons continuer \u00e0 \u0153uvrer dans ce sens.<\/p><p>Rejoignez-nous dans cette belle aventure \u00e9ducative.<\/p><p>Merci de votre pr\u00e9cieuse contribution.<\/p>\t\t\t\t\t\t\t\t<\/div>\n\t\t\t\t<\/div>\n\t\t\t\t<div class=\"elementor-element elementor-element-7131f7ec elementor-view-default elementor-position-top elementor-mobile-position-top elementor-widget elementor-widget-icon-box\" data-id=\"7131f7ec\" data-element_type=\"widget\" data-widget_type=\"icon-box.default\">\n\t\t\t\t<div class=\"elementor-widget-container\">\n\t\t\t\t\t\t\t<div class=\"elementor-icon-box-wrapper\">\n\n\t\t\t\t\t\t<div class=\"elementor-icon-box-icon\">\n\t\t\t\t<span  class=\"elementor-icon\">\n\t\t\t\t<svg xmlns=\"http:\/\/www.w3.org\/2000\/svg\" id=\"a57ec174-ff38-4389-b9d2-4eba1269329a\" data-name=\"Layer 1\" width=\"82\" height=\"67\" viewBox=\"0 0 82 67\"><path d=\"M20.3643,32.1382q0-8.7154,3.2583-12.8008Q27.1524,14.98,34.212,14.98V0Q17.3775,0,8.6887,10.0772,0,19.8821,0,37.313A104.1284,104.1284,0,0,0,4.6159,67H36.1126V37.0406H20.3643Z\"><\/path><path d=\"M66.2517,37.0406V32.1382q0-8.7154,3.2583-12.8008Q73.04,14.98,80.0994,14.98V0Q63.265,0,54.5763,10.0772q-8.6888,9.8049-8.6889,27.2358A104.1319,104.1319,0,0,0,50.5033,67H82V37.0406Z\"><\/path><\/svg>\t\t\t\t<\/span>\n\t\t\t<\/div>\n\t\t\t\n\t\t\t\t\t\t<div class=\"elementor-icon-box-content\">\n\n\t\t\t\t\t\t\t\t\t<p class=\"elementor-icon-box-title\">\n\t\t\t\t\t\t<span  >\n\t\t\t\t\t\t\t\u201cEnsemble, aidons \u00e0 financer les projets scolaires de nos enfants\u201d\t\t\t\t\t\t<\/span>\n\t\t\t\t\t<\/p>\n\t\t\t\t\n\t\t\t\t\t\t\t\t\t<p class=\"elementor-icon-box-description\">\n\t\t\t\t\t\tLes membres du sou\t\t\t\t\t<\/p>\n\t\t\t\t\n\t\t\t<\/div>\n\t\t\t\n\t\t<\/div>\n\t\t\t\t\t\t<\/div>\n\t\t\t\t<\/div>\n\t\t\t\t\t<\/div>\n\t\t<\/div>\n\t\t\t\t\t<\/div>\n\t\t<\/section>\n\t\t\t\t<section class=\"elementor-section elementor-top-section elementor-element elementor-element-7049bc1 elementor-section-full_width elementor-section-content-middle elementor-section-height-default elementor-section-height-default\" data-id=\"7049bc1\" data-element_type=\"section\">\n\t\t\t\t\t\t<div class=\"elementor-container elementor-column-gap-no\">\n\t\t\t\t\t<div class=\"elementor-column elementor-col-100 elementor-top-column elementor-element elementor-element-139abfa8\" data-id=\"139abfa8\" data-element_type=\"column\">\n\t\t\t<div class=\"elementor-widget-wrap elementor-element-populated\">\n\t\t\t\t\t\t<div class=\"elementor-element elementor-element-50c30b2c elementor-widget elementor-widget-heading\" data-id=\"50c30b2c\" data-element_type=\"widget\" data-widget_type=\"heading.default\">\n\t\t\t\t<div class=\"elementor-widget-container\">\n\t\t\t\t\t<h2 class=\"elementor-heading-title elementor-size-default\">Nos actions pour 2025-2026<\/h2>\t\t\t\t<\/div>\n\t\t\t\t<\/div>\n\t\t\t\t<div class=\"elementor-element elementor-element-7389770 elementor-widget elementor-widget-text-editor\" data-id=\"7389770\" data-element_type=\"widget\" data-widget_type=\"text-editor.default\">\n\t\t\t\t<div class=\"elementor-widget-container\">\n\t\t\t\t\t\t\t\t\t<h5 class=\"elementor-heading-title elementor-size-default elementor-inline-editing pen\" contenteditable=\"true\" spellcheck=\"false\" data-elementor-setting-key=\"title\" data-pen-placeholder=\"\u00c9crivez ici...\" data-lt-tmp-id=\"lt-544226\" data-gramm=\"false\">On compte sur vous, tous les gestes comptes pour la r\u00e9ussite de ces \u00e9v\u00e9nements<\/h5>\t\t\t\t\t\t\t\t<\/div>\n\t\t\t\t<\/div>\n\t\t\t\t<div class=\"elementor-element elementor-element-952c407 elementor-widget elementor-widget-timeline-widget-addon\" data-id=\"952c407\" data-element_type=\"widget\" data-widget_type=\"timeline-widget-addon.default\">\n\t\t\t\t<div class=\"elementor-widget-container\">\n\t\t\t\t\t<!-- ========= Timeline Widget Addon For Elementor 1.6.7 ========= -->\n<div id=\"twae-wrapper-952c407\" class=\"twae-vertical twae-wrapper  twae-both-sided\">   \n    <div class=\"twae-start\"><\/div>    \n    <div id=\"twea-timeline-952c407\" class=\"twae-timeline\" ><!-- Start of Story Repeater Content --><div id=\"story-e056b18\" class=\"twae-story twae-repeater-item twae-story-right twae-story-no-icon\"><!-- Story Label --><div class=\"twae-labels\"><div class=\"twae-label-big\">06 septembre<\/div><\/div><!-- Story Icon --><div class=\"twae-icon\"><i aria-hidden=\"true\" class=\"far fa-comments\"><\/i><\/div><!-- Story Arrow --><div class=\"twae-arrow\"><\/div><!-- Start of Story Content --><div class=\"twae-content\"><!-- Story Title --><div class=\"twae-title\">Forum des associations<\/div><!-- Story Description --><div class=\"twae-description\"><p>Retrouvez les membres du sou \u00e0 la buvette<\/p><\/div><\/div><\/div><!-- Start of Story Repeater Content --><div id=\"story-496305e\" class=\"twae-story twae-repeater-item twae-story-left twae-story-no-icon\"><!-- Story Label --><div class=\"twae-labels\"><div class=\"twae-label-big\">10 septembre<\/div><\/div><!-- Story Icon --><div class=\"twae-icon\"><i aria-hidden=\"true\" class=\"far fa-clock\"><\/i><\/div><!-- Story Arrow --><div class=\"twae-arrow\"><\/div><!-- Start of Story Content --><div class=\"twae-content\"><!-- Story Title --><div class=\"twae-title\">Ap\u00e9ro de rentr\u00e9e<\/div><!-- Story Description --><div class=\"twae-description\"><p>rdv devant le CSC \u00e0 partir de 18h<\/p><\/div><\/div><\/div><!-- Start of Story Repeater Content --><div id=\"story-4e6600c\" class=\"twae-story twae-repeater-item twae-story-right twae-story-no-icon\"><!-- Story Label --><div class=\"twae-labels\"><div class=\"twae-label-big\">07 octobre<\/div><\/div><!-- Story Icon --><div class=\"twae-icon\"><i aria-hidden=\"true\" class=\"far fa-clock\"><\/i><\/div><!-- Story Arrow --><div class=\"twae-arrow\"><\/div><!-- Start of Story Content --><div class=\"twae-content\"><!-- Story Title --><div class=\"twae-title\">AG<\/div><!-- Story Description --><div class=\"twae-description\"><p>rdv au CSC \u00e0 20h : R\u00e9sultats financiers de l'ann\u00e9e pr\u00e9c\u00e9dente, programme de l'ann\u00e9e \u00e0 venir, pr\u00e9sentation des membres du bureau<\/p><\/div><\/div><\/div><!-- Start of Story Repeater Content --><div id=\"story-0dda146\" class=\"twae-story twae-repeater-item twae-story-left twae-story-no-icon\"><!-- Story Label --><div class=\"twae-labels\"><div class=\"twae-label-big\">11 novembre <\/div><\/div><!-- Story Icon --><div class=\"twae-icon\"><i aria-hidden=\"true\" class=\"far fa-flushed\"><\/i><\/div><!-- Story Arrow --><div class=\"twae-arrow\"><\/div><!-- Start of Story Content --><div class=\"twae-content\"><!-- Story Title --><div class=\"twae-title\">Parcours d'orientation \u00e0 la d\u00e9couverte de Varces<\/div><!-- Story Description --><div class=\"twae-description\"><p>Des parcours pour tous, enfants comme adultes, pour d\u00e9couvrir Varces \u00e0 votre rythme et de mani\u00e8re ludique, sous toutes les coutures.<\/p><p><strong>4 parcours : 4,5 \/ 9 \/ 13 ou 24km<\/strong>, \u00e0 faire en solo ou en famille, \u00e0 pieds ou \u00e0 v\u00e9lo pour red\u00e9couvrir Varces.<\/p><p><strong>RDV entre 11h et 17h au parc Beylier<\/strong>, lieu d'accueil et de d\u00e9part.<\/p><p><strong>Participation : \u00e0 partir de 5\u20ac, prix libre.<\/strong><\/p><p><strong>Une boisson offerte \u00e0 l'arriv\u00e9e<\/strong><\/p><p>Buvette sur place pour une pause sucr\u00e9e.<\/p><\/div><\/div><\/div><!-- Start of Story Repeater Content --><div id=\"story-474bd9c\" class=\"twae-story twae-repeater-item twae-story-right twae-story-no-icon\"><!-- Story Label --><div class=\"twae-labels\"><div class=\"twae-label-big\">7 d\u00e9cembre<\/div><\/div><!-- Story Icon --><div class=\"twae-icon\"><i aria-hidden=\"true\" class=\"far fa-snowflake\"><\/i><\/div><!-- Story Arrow --><div class=\"twae-arrow\"><\/div><!-- Start of Story Content --><div class=\"twae-content\"><!-- Story Title --><div class=\"twae-title\">Buvette au march\u00e9e de No\u00ebl<\/div><!-- Story Description --><div class=\"twae-description\"><p>Du vin et du chocolat chaud vous attendront pour vous r\u00e9chauffer.<\/p><p>Sans oublier les cr\u00eapes !<\/p><\/div><\/div><\/div><!-- Start of Story Repeater Content --><div id=\"story-8c65d76\" class=\"twae-story twae-repeater-item twae-story-left twae-story-no-icon\"><!-- Story Label --><div class=\"twae-labels\"><div class=\"twae-label-big\">Du 12 novembre au 18 d\u00e9cembre<\/div><\/div><!-- Story Icon --><div class=\"twae-icon\"><i aria-hidden=\"true\" class=\"fas fa-snowman\"><\/i><\/div><!-- Story Arrow --><div class=\"twae-arrow\"><\/div><!-- Start of Story Content --><div class=\"twae-content\"><!-- Story Title --><div class=\"twae-title\">Vente de No\u00ebl<\/div><!-- Story Description --><div class=\"twae-description\"><p>Ils sont de retour : <br \/>plateau de fromage des Alpages, <br \/>saumon gravlax et foie gras<\/p><p>Pr\u00e9parez les f\u00eates avec le Sou des \u00c9coles<\/p><p>- Ouverture des ventes jeudi 12\/11<\/p><p>- Fin des commandes jeudi 28\/11<\/p><p>- Distribution jeudi 18\/12<\/p><\/div><\/div><\/div><!-- Start of Story Repeater Content --><div id=\"story-13994c1\" class=\"twae-story twae-repeater-item twae-story-right twae-story-no-icon\"><!-- Story Label --><div class=\"twae-labels\"><div class=\"twae-label-big\">01 Mars<\/div><\/div><!-- Story Icon --><div class=\"twae-icon\"><i aria-hidden=\"true\" class=\"fas fa-award\"><\/i><\/div><!-- Story Arrow --><div class=\"twae-arrow\"><\/div><!-- Start of Story Content --><div class=\"twae-content\"><!-- Story Title --><div class=\"twae-title\">Cross des sources<\/div><!-- Story Description --><div class=\"twae-description\"><p>Courses adultes 5 et 10km<\/p><p>Et toujours les courses enfants.<\/p><\/div><\/div><\/div><!-- Start of Story Repeater Content --><div id=\"story-f5f48eb\" class=\"twae-story twae-repeater-item twae-story-left twae-story-no-icon\"><!-- Story Label --><div class=\"twae-labels\"><div class=\"twae-label-big\">Du 02 au 24 avril<\/div><\/div><!-- Story Icon --><div class=\"twae-icon\"><i aria-hidden=\"true\" class=\"fas fa-leaf\"><\/i><\/div><!-- Story Arrow --><div class=\"twae-arrow\"><\/div><!-- Start of Story Content --><div class=\"twae-content\"><!-- Story Title --><div class=\"twae-title\">Vente Plants et herbes aromatiques<\/div><!-- Story Description --><div class=\"twae-description\"><p>Le Sou des \u00e9coles se renouvelle et vous propose cette ann\u00e9e une vente de plants et herbes aromatiques pour fleurir vos balcons, aromatiser votre cuisine, et enchanter votre potager<\/p><p>R\u00e9cup\u00e9rations des plants du 29\/04 au 02\/05<\/p><\/div><\/div><\/div><!-- Start of Story Repeater Content --><div id=\"story-1d841f3\" class=\"twae-story twae-repeater-item twae-story-right twae-story-no-icon\"><!-- Story Label --><div class=\"twae-labels\"><div class=\"twae-label-big\">Du 04 au 15 Mai<\/div><\/div><!-- Story Icon --><div class=\"twae-icon\"><i aria-hidden=\"true\" class=\"fas fa-dice\"><\/i><\/div><!-- Story Arrow --><div class=\"twae-arrow\"><\/div><!-- Start of Story Content --><div class=\"twae-content\"><!-- Story Title --><div class=\"twae-title\">Don de jeux, jouets, livres et peluches <\/div><!-- Story Description --><div class=\"twae-description\"><p>Profitez du m\u00e9nage de printemps pour faire de la place dans vos placards et faire des heureux pour la Kermesse de juin\u00a0<\/p><\/div><\/div><\/div><!-- Start of Story Repeater Content --><div id=\"story-ada8e97\" class=\"twae-story twae-repeater-item twae-story-left twae-story-no-icon\"><!-- Story Label --><div class=\"twae-labels\"><div class=\"twae-label-big\">31 mai<\/div><\/div><!-- Story Icon --><div class=\"twae-icon\"><i aria-hidden=\"true\" class=\"fas fa-glass-whiskey\"><\/i><\/div><!-- Story Arrow --><div class=\"twae-arrow\"><\/div><!-- Start of Story Content --><div class=\"twae-content\"><!-- Story Title --><div class=\"twae-title\">Buvette \u00e0 la F\u00eate du parc Beylier<\/div><!-- Story Description --><div class=\"twae-description\"><p>R\u00e9galez-vous d'une note sal\u00e9e, d'une pause gourmande, et d'un rafraichissement \u00e0 la buvette du Sou des \u00e9coles durant la f\u00eate du parc Beylier. Nous serons l\u00e0, passez nous voir !<\/p><\/div><\/div><\/div><!-- Start of Story Repeater Content --><div id=\"story-5696719\" class=\"twae-story twae-repeater-item twae-story-right twae-story-no-icon\"><!-- Story Label --><div class=\"twae-labels\"><div class=\"twae-label-big\">27 juin<\/div><\/div><!-- Story Icon --><div class=\"twae-icon\"><i aria-hidden=\"true\" class=\"far fa-heart\"><\/i><\/div><!-- Story Arrow --><div class=\"twae-arrow\"><\/div><!-- Start of Story Content --><div class=\"twae-content\"><!-- Story Title --><div class=\"twae-title\">Kermesse et Tombola<\/div><!-- Story Description --><div class=\"twae-description\"><p>Pr\u00e9parez-vous pour une tombola avec des lots de qualit\u00e9 !<\/p><p>et une kermesse qui r\u00e9jouira vos enfants !<\/p><p><span style=\"text-decoration: underline\">&gt; <a href=\"https:\/\/airtable.com\/appL7Lf2ntKF3eZuj\/pagDeNTMVHGXWkcmZ\/form\" target=\"_blank\" rel=\"noopener\">Rejoignez-nous en tant que B\u00e9n\u00e9vole !<\/a><\/span><\/p><\/div><\/div><\/div><\/div>\n    <div class=\"twae-end\"><\/div>\n    <\/div><style type=\"text\/css\">@media (max-width: 1024px){ .twae-wrapper{--tw-ybx-size: 80px !important;}}@media (max-width: 767px){ .twae-wrapper{--tw-ybx-size: 80px !important}}<\/style>\t\t\t\t<\/div>\n\t\t\t\t<\/div>\n\t\t\t\t\t<\/div>\n\t\t<\/div>\n\t\t\t\t\t<\/div>\n\t\t<\/section>\n\t\t\t\t<section class=\"elementor-section elementor-top-section elementor-element elementor-element-8aa2652 elementor-section-boxed elementor-section-height-default elementor-section-height-default\" data-id=\"8aa2652\" data-element_type=\"section\">\n\t\t\t\t\t\t<div class=\"elementor-container elementor-column-gap-default\">\n\t\t\t\t\t<div class=\"elementor-column elementor-col-100 elementor-top-column elementor-element elementor-element-36c9bc7\" data-id=\"36c9bc7\" data-element_type=\"column\">\n\t\t\t<div class=\"elementor-widget-wrap elementor-element-populated\">\n\t\t\t\t\t\t<div class=\"elementor-element elementor-element-ffd886f elementor-widget elementor-widget-text-editor\" data-id=\"ffd886f\" data-element_type=\"widget\" data-widget_type=\"text-editor.default\">\n\t\t\t\t<div class=\"elementor-widget-container\">\n\t\t\t\t\t\t\t\t\t<h3><strong>Suivez toutes nos actualit\u00e9s<\/strong><\/h3>\t\t\t\t\t\t\t\t<\/div>\n\t\t\t\t<\/div>\n\t\t\t\t\t<\/div>\n\t\t<\/div>\n\t\t\t\t\t<\/div>\n\t\t<\/section>\n\t\t\t\t<section class=\"elementor-section elementor-top-section elementor-element elementor-element-e34ce1e elementor-section-boxed elementor-section-height-default elementor-section-height-default\" data-id=\"e34ce1e\" data-element_type=\"section\">\n\t\t\t\t\t\t<div class=\"elementor-container elementor-column-gap-default\">\n\t\t\t\t\t<div class=\"elementor-column elementor-col-100 elementor-top-column elementor-element elementor-element-b84da46\" data-id=\"b84da46\" data-element_type=\"column\">\n\t\t\t<div class=\"elementor-widget-wrap elementor-element-populated\">\n\t\t\t\t\t\t<div class=\"elementor-element elementor-element-4b1ac87 elementor-shape-circle elementor-grid-0 e-grid-align-center elementor-widget elementor-widget-social-icons\" data-id=\"4b1ac87\" data-element_type=\"widget\" data-widget_type=\"social-icons.default\">\n\t\t\t\t<div class=\"elementor-widget-container\">\n\t\t\t\t\t\t\t<div class=\"elementor-social-icons-wrapper elementor-grid\">\n\t\t\t\t\t\t\t<span class=\"elementor-grid-item\">\n\t\t\t\t\t<a class=\"elementor-icon elementor-social-icon elementor-social-icon-facebook elementor-repeater-item-05333d0\" href=\"https:\/\/www.facebook.com\/SouDesEcolesDeVarces\/\" target=\"_blank\">\n\t\t\t\t\t\t<span class=\"elementor-screen-only\">Facebook<\/span>\n\t\t\t\t\t\t<i class=\"fab fa-facebook\"><\/i>\t\t\t\t\t<\/a>\n\t\t\t\t<\/span>\n\t\t\t\t\t<\/div>\n\t\t\t\t\t\t<\/div>\n\t\t\t\t<\/div>\n\t\t\t\t\t<\/div>\n\t\t<\/div>\n\t\t\t\t\t<\/div>\n\t\t<\/section>\n\t\t\t\t<\/div>\n\t\t","protected":false},"excerpt":{"rendered":"<p>Bienvenue Notre association soutient activement les projets extrascolaires de nos enfants, qu&rsquo;ils soient \u00e0 Mallerin ou aux Poussous. Notre engagement ? Faire de leur \u00e9ducation une exp\u00e9rience enrichissante et inoubliable. Tout au long de l&rsquo;ann\u00e9e, nous organisons des ventes et des \u00e9v\u00e9nements passionnants pour collecter les fonds n\u00e9cessaires \u00e0 la r\u00e9alisation de ces projets. C&rsquo;est [&hellip;]<\/p>\n","protected":false},"author":1,"featured_media":0,"parent":0,"menu_order":0,"comment_status":"closed","ping_status":"closed","template":"elementor_header_footer","meta":{"footnotes":""},"class_list":["post-17","page","type-page","status-publish","hentry"],"_links":{"self":[{"href":"https:\/\/soudesecolesdevarces.fr\/index.php\/wp-json\/wp\/v2\/pages\/17","targetHints":{"allow":["GET"]}}],"collection":[{"href":"https:\/\/soudesecolesdevarces.fr\/index.php\/wp-json\/wp\/v2\/pages"}],"about":[{"href":"https:\/\/soudesecolesdevarces.fr\/index.php\/wp-json\/wp\/v2\/types\/page"}],"author":[{"embeddable":true,"href":"https:\/\/soudesecolesdevarces.fr\/index.php\/wp-json\/wp\/v2\/users\/1"}],"replies":[{"embeddable":true,"href":"https:\/\/soudesecolesdevarces.fr\/index.php\/wp-json\/wp\/v2\/comments?post=17"}],"version-history":[{"count":128,"href":"https:\/\/soudesecolesdevarces.fr\/index.php\/wp-json\/wp\/v2\/pages\/17\/revisions"}],"predecessor-version":[{"id":476,"href":"https:\/\/soudesecolesdevarces.fr\/index.php\/wp-json\/wp\/v2\/pages\/17\/revisions\/476"}],"wp:attachment":[{"href":"https:\/\/soudesecolesdevarces.fr\/index.php\/wp-json\/wp\/v2\/media?parent=17"}],"curies":[{"name":"wp","href":"https:\/\/api.w.org\/{rel}","templated":true}]}}