{"id":241,"date":"2025-05-19T22:57:32","date_gmt":"2025-05-19T20:57:32","guid":{"rendered":"https:\/\/soudesecolesdevarces.fr\/?page_id=241"},"modified":"2026-03-16T15:31:46","modified_gmt":"2026-03-16T14:31:46","slug":"qui-sommes-nous","status":"publish","type":"page","link":"https:\/\/soudesecolesdevarces.fr\/index.php\/qui-sommes-nous\/","title":{"rendered":"Qui sommes-nous ?"},"content":{"rendered":"\t\t<div data-elementor-type=\"wp-page\" data-elementor-id=\"241\" class=\"elementor elementor-241\">\n\t\t\t\t\t\t<section class=\"elementor-section elementor-top-section elementor-element elementor-element-30d8bae elementor-section-boxed elementor-section-height-default elementor-section-height-default\" data-id=\"30d8bae\" data-element_type=\"section\">\n\t\t\t\t\t\t<div class=\"elementor-container elementor-column-gap-default\">\n\t\t\t\t\t<div class=\"elementor-column elementor-col-100 elementor-top-column elementor-element elementor-element-bd0a70d\" data-id=\"bd0a70d\" data-element_type=\"column\">\n\t\t\t<div class=\"elementor-widget-wrap elementor-element-populated\">\n\t\t\t\t\t\t<div class=\"elementor-element elementor-element-3441857 elementor-widget elementor-widget-heading\" data-id=\"3441857\" data-element_type=\"widget\" data-widget_type=\"heading.default\">\n\t\t\t\t<div class=\"elementor-widget-container\">\n\t\t\t\t\t<h2 class=\"elementor-heading-title elementor-size-default\">Qui sommes-nous ?<\/h2>\t\t\t\t<\/div>\n\t\t\t\t<\/div>\n\t\t\t\t\t<\/div>\n\t\t<\/div>\n\t\t\t\t\t<\/div>\n\t\t<\/section>\n\t\t\t\t<section class=\"elementor-section elementor-top-section elementor-element elementor-element-a4600e0 elementor-section-boxed elementor-section-height-default elementor-section-height-default\" data-id=\"a4600e0\" data-element_type=\"section\">\n\t\t\t\t\t\t<div class=\"elementor-container elementor-column-gap-default\">\n\t\t\t\t\t<div class=\"elementor-column elementor-col-100 elementor-top-column elementor-element elementor-element-2453ec3\" data-id=\"2453ec3\" data-element_type=\"column\">\n\t\t\t<div class=\"elementor-widget-wrap elementor-element-populated\">\n\t\t\t\t\t\t<div class=\"elementor-element elementor-element-220e540 elementor-widget elementor-widget-heading\" data-id=\"220e540\" data-element_type=\"widget\" data-widget_type=\"heading.default\">\n\t\t\t\t<div class=\"elementor-widget-container\">\n\t\t\t\t\t<h2 class=\"elementor-heading-title elementor-size-default\">Le Sou des \u00c9coles de Varces<\/h2>\t\t\t\t<\/div>\n\t\t\t\t<\/div>\n\t\t\t\t\t<\/div>\n\t\t<\/div>\n\t\t\t\t\t<\/div>\n\t\t<\/section>\n\t\t\t\t<section class=\"elementor-section elementor-top-section elementor-element elementor-element-3b7c3d8 elementor-section-boxed elementor-section-height-default elementor-section-height-default\" data-id=\"3b7c3d8\" data-element_type=\"section\">\n\t\t\t\t\t\t<div class=\"elementor-container elementor-column-gap-default\">\n\t\t\t\t\t<div class=\"elementor-column elementor-col-100 elementor-top-column elementor-element elementor-element-1ef2416\" data-id=\"1ef2416\" data-element_type=\"column\">\n\t\t\t<div class=\"elementor-widget-wrap elementor-element-populated\">\n\t\t\t\t\t\t<div class=\"elementor-element elementor-element-9aa5f5e elementor-widget elementor-widget-text-editor\" data-id=\"9aa5f5e\" data-element_type=\"widget\" data-widget_type=\"text-editor.default\">\n\t\t\t\t<div class=\"elementor-widget-container\">\n\t\t\t\t\t\t\t\t\t<p class=\"\" data-start=\"357\" data-end=\"549\">Le Sou des \u00c9coles de Varces est une association de parents b\u00e9n\u00e9voles et engag\u00e9s, qui \u0153uvrent toute l\u2019ann\u00e9e pour soutenir les projets des \u00e9coles maternelle et \u00e9l\u00e9mentaire de Varces.<\/p><p class=\"\" data-start=\"551\" data-end=\"831\"><strong>Notre objectif ?<\/strong><br data-start=\"567\" data-end=\"570\" \/>Organiser des \u00e9v\u00e9nements festifs et conviviaux (kermesse, ventes diverses, escape game\u2026) afin de <strong>r\u00e9colter des fonds qui permettent de financer les sorties scolaires, les activit\u00e9s culturelles, sportives et p\u00e9dagogiques, ou encore du mat\u00e9riel pour les classes de nos enfants.<\/strong><\/p>\t\t\t\t\t\t\t\t<\/div>\n\t\t\t\t<\/div>\n\t\t\t\t\t<\/div>\n\t\t<\/div>\n\t\t\t\t\t<\/div>\n\t\t<\/section>\n\t\t\t\t<section class=\"elementor-section elementor-top-section elementor-element elementor-element-d962fed elementor-section-boxed elementor-section-height-default elementor-section-height-default\" data-id=\"d962fed\" data-element_type=\"section\">\n\t\t\t\t\t\t<div class=\"elementor-container elementor-column-gap-default\">\n\t\t\t\t\t<div class=\"elementor-column elementor-col-100 elementor-top-column elementor-element elementor-element-ddcc6a0\" data-id=\"ddcc6a0\" data-element_type=\"column\">\n\t\t\t<div class=\"elementor-widget-wrap elementor-element-populated\">\n\t\t\t\t\t\t<div class=\"elementor-element elementor-element-43d8e68 elementor-widget elementor-widget-heading\" data-id=\"43d8e68\" data-element_type=\"widget\" data-widget_type=\"heading.default\">\n\t\t\t\t<div class=\"elementor-widget-container\">\n\t\t\t\t\t<h2 class=\"elementor-heading-title elementor-size-default\">Une \u00e9quipe de parents motiv\u00e9s<\/h2>\t\t\t\t<\/div>\n\t\t\t\t<\/div>\n\t\t\t\t\t<\/div>\n\t\t<\/div>\n\t\t\t\t\t<\/div>\n\t\t<\/section>\n\t\t\t\t<section class=\"elementor-section elementor-top-section elementor-element elementor-element-5313a99 elementor-section-boxed elementor-section-height-default elementor-section-height-default\" data-id=\"5313a99\" data-element_type=\"section\">\n\t\t\t\t\t\t<div class=\"elementor-container elementor-column-gap-default\">\n\t\t\t\t\t<div class=\"elementor-column elementor-col-100 elementor-top-column elementor-element elementor-element-9534710\" data-id=\"9534710\" data-element_type=\"column\">\n\t\t\t<div class=\"elementor-widget-wrap elementor-element-populated\">\n\t\t\t\t\t\t<div class=\"elementor-element elementor-element-e7b5844 elementor-widget elementor-widget-text-editor\" data-id=\"e7b5844\" data-element_type=\"widget\" data-widget_type=\"text-editor.default\">\n\t\t\t\t<div class=\"elementor-widget-container\">\n\t\t\t\t\t\t\t\t\t<p class=\"\" data-start=\"869\" data-end=\"1070\">Le Sou des \u00c9coles fonctionne uniquement gr\u00e2ce \u00e0 l&rsquo;implication de parents volontaires. Chacun apporte ses id\u00e9es, ses comp\u00e9tences et un peu de son temps, dans une ambiance bienveillante et collaborative.<\/p>\n<p class=\"\" data-start=\"1072\" data-end=\"1131\">Voici les membres du bureau pour l\u2019ann\u00e9e 2025\/2026<\/p>\t\t\t\t\t\t\t\t<\/div>\n\t\t\t\t<\/div>\n\t\t\t\t\t<\/div>\n\t\t<\/div>\n\t\t\t\t\t<\/div>\n\t\t<\/section>\n\t\t\t\t<section class=\"elementor-section elementor-top-section elementor-element elementor-element-2e799de elementor-section-boxed elementor-section-height-default elementor-section-height-default\" data-id=\"2e799de\" data-element_type=\"section\">\n\t\t\t\t\t\t<div class=\"elementor-container elementor-column-gap-default\">\n\t\t\t\t\t<div class=\"elementor-column elementor-col-100 elementor-top-column elementor-element elementor-element-e8b754f\" data-id=\"e8b754f\" data-element_type=\"column\">\n\t\t\t<div class=\"elementor-widget-wrap elementor-element-populated\">\n\t\t\t\t\t\t<div class=\"elementor-element elementor-element-f5386ec elementor-widget elementor-widget-image-gallery\" data-id=\"f5386ec\" data-element_type=\"widget\" data-widget_type=\"image-gallery.default\">\n\t\t\t\t<div class=\"elementor-widget-container\">\n\t\t\t\t\t\t\t<div class=\"elementor-image-gallery\">\n\t\t\t<div id='gallery-1' class='gallery galleryid-241 gallery-columns-3 gallery-size-thumbnail'><figure class='gallery-item'>\n\t\t\t<div class='gallery-icon landscape'>\n\t\t\t\t<a data-elementor-open-lightbox=\"yes\" data-elementor-lightbox-slideshow=\"f5386ec\" data-elementor-lightbox-title=\"benoit\" data-e-action-hash=\"#elementor-action%3Aaction%3Dlightbox%26settings%3DeyJpZCI6MjUxLCJ1cmwiOiJodHRwczpcL1wvc291ZGVzZWNvbGVzZGV2YXJjZXMuZnJcL3dwLWNvbnRlbnRcL3VwbG9hZHNcLzIwMjVcLzA1XC9iZW5vaXQucG5nIiwic2xpZGVzaG93IjoiZjUzODZlYyJ9\" href='https:\/\/soudesecolesdevarces.fr\/wp-content\/uploads\/2025\/05\/benoit.png'><img decoding=\"async\" width=\"150\" height=\"150\" src=\"https:\/\/soudesecolesdevarces.fr\/wp-content\/uploads\/2025\/05\/benoit-150x150.png\" class=\"attachment-thumbnail size-thumbnail\" alt=\"\" aria-describedby=\"gallery-1-251\" srcset=\"https:\/\/soudesecolesdevarces.fr\/wp-content\/uploads\/2025\/05\/benoit-150x150.png 150w, https:\/\/soudesecolesdevarces.fr\/wp-content\/uploads\/2025\/05\/benoit.png 200w\" sizes=\"(max-width: 150px) 100vw, 150px\" \/><\/a>\n\t\t\t<\/div>\n\t\t\t\t<figcaption class='wp-caption-text gallery-caption' id='gallery-1-251'>\n\t\t\t\tBeno\u00eet &#8211; \u00e9cole maternelle Mallerin\n\t\t\t\t<\/figcaption><\/figure><figure class='gallery-item'>\n\t\t\t<div class='gallery-icon landscape'>\n\t\t\t\t<a data-elementor-open-lightbox=\"yes\" data-elementor-lightbox-slideshow=\"f5386ec\" data-elementor-lightbox-title=\"Am\u00e9lie\" data-e-action-hash=\"#elementor-action%3Aaction%3Dlightbox%26settings%3DeyJpZCI6MjQ2LCJ1cmwiOiJodHRwczpcL1wvc291ZGVzZWNvbGVzZGV2YXJjZXMuZnJcL3dwLWNvbnRlbnRcL3VwbG9hZHNcLzIwMjVcLzA1XC9BbWVsaWUucG5nIiwic2xpZGVzaG93IjoiZjUzODZlYyJ9\" href='https:\/\/soudesecolesdevarces.fr\/wp-content\/uploads\/2025\/05\/Amelie.png'><img decoding=\"async\" width=\"150\" height=\"150\" src=\"https:\/\/soudesecolesdevarces.fr\/wp-content\/uploads\/2025\/05\/Amelie-150x150.png\" class=\"attachment-thumbnail size-thumbnail\" alt=\"\" aria-describedby=\"gallery-1-246\" srcset=\"https:\/\/soudesecolesdevarces.fr\/wp-content\/uploads\/2025\/05\/Amelie-150x150.png 150w, https:\/\/soudesecolesdevarces.fr\/wp-content\/uploads\/2025\/05\/Amelie.png 200w\" sizes=\"(max-width: 150px) 100vw, 150px\" \/><\/a>\n\t\t\t<\/div>\n\t\t\t\t<figcaption class='wp-caption-text gallery-caption' id='gallery-1-246'>\n\t\t\t\tAm\u00e9lie &#8211; \u00e9cole \u00e9l\u00e9mentaire Mallerin\n\t\t\t\t<\/figcaption><\/figure><figure class='gallery-item'>\n\t\t\t<div class='gallery-icon landscape'>\n\t\t\t\t<a data-elementor-open-lightbox=\"yes\" data-elementor-lightbox-slideshow=\"f5386ec\" data-elementor-lightbox-title=\"Thomas\" data-e-action-hash=\"#elementor-action%3Aaction%3Dlightbox%26settings%3DeyJpZCI6MjQ5LCJ1cmwiOiJodHRwczpcL1wvc291ZGVzZWNvbGVzZGV2YXJjZXMuZnJcL3dwLWNvbnRlbnRcL3VwbG9hZHNcLzIwMjVcLzA1XC9UaG9tYXMucG5nIiwic2xpZGVzaG93IjoiZjUzODZlYyJ9\" href='https:\/\/soudesecolesdevarces.fr\/wp-content\/uploads\/2025\/05\/Thomas.png'><img decoding=\"async\" width=\"150\" height=\"150\" src=\"https:\/\/soudesecolesdevarces.fr\/wp-content\/uploads\/2025\/05\/Thomas-150x150.png\" class=\"attachment-thumbnail size-thumbnail\" alt=\"\" aria-describedby=\"gallery-1-249\" srcset=\"https:\/\/soudesecolesdevarces.fr\/wp-content\/uploads\/2025\/05\/Thomas-150x150.png 150w, https:\/\/soudesecolesdevarces.fr\/wp-content\/uploads\/2025\/05\/Thomas.png 200w\" sizes=\"(max-width: 150px) 100vw, 150px\" \/><\/a>\n\t\t\t<\/div>\n\t\t\t\t<figcaption class='wp-caption-text gallery-caption' id='gallery-1-249'>\n\t\t\t\tThomas &#8211; \u00e9cole maternelle Mallerin\n\t\t\t\t<\/figcaption><\/figure><figure class='gallery-item'>\n\t\t\t<div class='gallery-icon landscape'>\n\t\t\t\t<a data-elementor-open-lightbox=\"yes\" data-elementor-lightbox-slideshow=\"f5386ec\" data-elementor-lightbox-title=\"Lise\" data-e-action-hash=\"#elementor-action%3Aaction%3Dlightbox%26settings%3DeyJpZCI6MjQ3LCJ1cmwiOiJodHRwczpcL1wvc291ZGVzZWNvbGVzZGV2YXJjZXMuZnJcL3dwLWNvbnRlbnRcL3VwbG9hZHNcLzIwMjVcLzA1XC9MaXNlLnBuZyIsInNsaWRlc2hvdyI6ImY1Mzg2ZWMifQ%3D%3D\" href='https:\/\/soudesecolesdevarces.fr\/wp-content\/uploads\/2025\/05\/Lise.png'><img loading=\"lazy\" decoding=\"async\" width=\"150\" height=\"150\" src=\"https:\/\/soudesecolesdevarces.fr\/wp-content\/uploads\/2025\/05\/Lise-150x150.png\" class=\"attachment-thumbnail size-thumbnail\" alt=\"\" aria-describedby=\"gallery-1-247\" srcset=\"https:\/\/soudesecolesdevarces.fr\/wp-content\/uploads\/2025\/05\/Lise-150x150.png 150w, https:\/\/soudesecolesdevarces.fr\/wp-content\/uploads\/2025\/05\/Lise.png 200w\" sizes=\"(max-width: 150px) 100vw, 150px\" \/><\/a>\n\t\t\t<\/div>\n\t\t\t\t<figcaption class='wp-caption-text gallery-caption' id='gallery-1-247'>\n\t\t\t\tLise &#8211; \u00e9cole Poussous\n\t\t\t\t<\/figcaption><\/figure><figure class='gallery-item'>\n\t\t\t<div class='gallery-icon landscape'>\n\t\t\t\t<a data-elementor-open-lightbox=\"yes\" data-elementor-lightbox-slideshow=\"f5386ec\" data-elementor-lightbox-title=\"Bertrand\" data-e-action-hash=\"#elementor-action%3Aaction%3Dlightbox%26settings%3DeyJpZCI6MjQ4LCJ1cmwiOiJodHRwczpcL1wvc291ZGVzZWNvbGVzZGV2YXJjZXMuZnJcL3dwLWNvbnRlbnRcL3VwbG9hZHNcLzIwMjVcLzA1XC9CZXJ0cmFuZC5wbmciLCJzbGlkZXNob3ciOiJmNTM4NmVjIn0%3D\" href='https:\/\/soudesecolesdevarces.fr\/wp-content\/uploads\/2025\/05\/Bertrand.png'><img loading=\"lazy\" decoding=\"async\" width=\"150\" height=\"150\" src=\"https:\/\/soudesecolesdevarces.fr\/wp-content\/uploads\/2025\/05\/Bertrand-150x150.png\" class=\"attachment-thumbnail size-thumbnail\" alt=\"\" aria-describedby=\"gallery-1-248\" srcset=\"https:\/\/soudesecolesdevarces.fr\/wp-content\/uploads\/2025\/05\/Bertrand-150x150.png 150w, https:\/\/soudesecolesdevarces.fr\/wp-content\/uploads\/2025\/05\/Bertrand.png 200w\" sizes=\"(max-width: 150px) 100vw, 150px\" \/><\/a>\n\t\t\t<\/div>\n\t\t\t\t<figcaption class='wp-caption-text gallery-caption' id='gallery-1-248'>\n\t\t\t\tBertrand &#8211; \u00e9cole \u00e9l\u00e9mentaire Mallerin\n\t\t\t\t<\/figcaption><\/figure><figure class='gallery-item'>\n\t\t\t<div class='gallery-icon landscape'>\n\t\t\t\t<a data-elementor-open-lightbox=\"yes\" data-elementor-lightbox-slideshow=\"f5386ec\" data-elementor-lightbox-title=\"Design sans titre (17)\" data-e-action-hash=\"#elementor-action%3Aaction%3Dlightbox%26settings%3DeyJpZCI6MjUyLCJ1cmwiOiJodHRwczpcL1wvc291ZGVzZWNvbGVzZGV2YXJjZXMuZnJcL3dwLWNvbnRlbnRcL3VwbG9hZHNcLzIwMjVcLzA1XC9EZXNpZ24tc2Fucy10aXRyZS0xNy0xLnBuZyIsInNsaWRlc2hvdyI6ImY1Mzg2ZWMifQ%3D%3D\" href='https:\/\/soudesecolesdevarces.fr\/wp-content\/uploads\/2025\/05\/Design-sans-titre-17-1.png'><img loading=\"lazy\" decoding=\"async\" width=\"150\" height=\"150\" src=\"https:\/\/soudesecolesdevarces.fr\/wp-content\/uploads\/2025\/05\/Design-sans-titre-17-1-150x150.png\" class=\"attachment-thumbnail size-thumbnail\" alt=\"\" aria-describedby=\"gallery-1-252\" srcset=\"https:\/\/soudesecolesdevarces.fr\/wp-content\/uploads\/2025\/05\/Design-sans-titre-17-1-150x150.png 150w, https:\/\/soudesecolesdevarces.fr\/wp-content\/uploads\/2025\/05\/Design-sans-titre-17-1.png 200w\" sizes=\"(max-width: 150px) 100vw, 150px\" \/><\/a>\n\t\t\t<\/div>\n\t\t\t\t<figcaption class='wp-caption-text gallery-caption' id='gallery-1-252'>\n\t\t\t\tJacques &#8211; \u00e9cole maternelle Mallerin\n\t\t\t\t<\/figcaption><\/figure><figure class='gallery-item'>\n\t\t\t<div class='gallery-icon landscape'>\n\t\t\t\t<a data-elementor-open-lightbox=\"yes\" data-elementor-lightbox-slideshow=\"f5386ec\" data-elementor-lightbox-title=\"Design sans titre (17)\" data-e-action-hash=\"#elementor-action%3Aaction%3Dlightbox%26settings%3DeyJpZCI6MjUzLCJ1cmwiOiJodHRwczpcL1wvc291ZGVzZWNvbGVzZGV2YXJjZXMuZnJcL3dwLWNvbnRlbnRcL3VwbG9hZHNcLzIwMjVcLzA1XC9EZXNpZ24tc2Fucy10aXRyZS0xNy0yLnBuZyIsInNsaWRlc2hvdyI6ImY1Mzg2ZWMifQ%3D%3D\" href='https:\/\/soudesecolesdevarces.fr\/wp-content\/uploads\/2025\/05\/Design-sans-titre-17-2.png'><img loading=\"lazy\" decoding=\"async\" width=\"150\" height=\"150\" src=\"https:\/\/soudesecolesdevarces.fr\/wp-content\/uploads\/2025\/05\/Design-sans-titre-17-2-150x150.png\" class=\"attachment-thumbnail size-thumbnail\" alt=\"\" aria-describedby=\"gallery-1-253\" srcset=\"https:\/\/soudesecolesdevarces.fr\/wp-content\/uploads\/2025\/05\/Design-sans-titre-17-2-150x150.png 150w, https:\/\/soudesecolesdevarces.fr\/wp-content\/uploads\/2025\/05\/Design-sans-titre-17-2.png 200w\" sizes=\"(max-width: 150px) 100vw, 150px\" \/><\/a>\n\t\t\t<\/div>\n\t\t\t\t<figcaption class='wp-caption-text gallery-caption' id='gallery-1-253'>\n\t\t\t\tMuriel &#8211; \u00e9cole Poussous\n\t\t\t\t<\/figcaption><\/figure>\n\t\t<\/div>\n\t\t<\/div>\n\t\t\t\t\t\t<\/div>\n\t\t\t\t<\/div>\n\t\t\t\t\t<\/div>\n\t\t<\/div>\n\t\t\t\t\t<\/div>\n\t\t<\/section>\n\t\t\t\t<section class=\"elementor-section elementor-top-section elementor-element elementor-element-bac1595 elementor-section-boxed elementor-section-height-default elementor-section-height-default\" data-id=\"bac1595\" data-element_type=\"section\">\n\t\t\t\t\t\t<div class=\"elementor-container elementor-column-gap-default\">\n\t\t\t\t\t<div class=\"elementor-column elementor-col-100 elementor-top-column elementor-element elementor-element-e645cdc\" data-id=\"e645cdc\" data-element_type=\"column\">\n\t\t\t<div class=\"elementor-widget-wrap elementor-element-populated\">\n\t\t\t\t\t\t<div class=\"elementor-element elementor-element-1d5eb88 elementor-widget elementor-widget-heading\" data-id=\"1d5eb88\" data-element_type=\"widget\" data-widget_type=\"heading.default\">\n\t\t\t\t<div class=\"elementor-widget-container\">\n\t\t\t\t\t<h2 class=\"elementor-heading-title elementor-size-default\">Envie de nous aider ? Il y a mille fa\u00e7ons de participer !<\/h2>\t\t\t\t<\/div>\n\t\t\t\t<\/div>\n\t\t\t\t\t<\/div>\n\t\t<\/div>\n\t\t\t\t\t<\/div>\n\t\t<\/section>\n\t\t\t\t<section class=\"elementor-section elementor-top-section elementor-element elementor-element-eaaf5ca elementor-section-boxed elementor-section-height-default elementor-section-height-default\" data-id=\"eaaf5ca\" data-element_type=\"section\">\n\t\t\t\t\t\t<div class=\"elementor-container elementor-column-gap-default\">\n\t\t\t\t\t<div class=\"elementor-column elementor-col-100 elementor-top-column elementor-element elementor-element-f3cef08\" data-id=\"f3cef08\" data-element_type=\"column\">\n\t\t\t<div class=\"elementor-widget-wrap elementor-element-populated\">\n\t\t\t\t\t\t<div class=\"elementor-element elementor-element-a8e106a elementor-widget elementor-widget-text-editor\" data-id=\"a8e106a\" data-element_type=\"widget\" data-widget_type=\"text-editor.default\">\n\t\t\t\t<div class=\"elementor-widget-container\">\n\t\t\t\t\t\t\t\t\t<p class=\"\" data-start=\"220\" data-end=\"418\"><strong data-start=\"220\" data-end=\"246\"><img decoding=\"async\" class=\"emoji\" role=\"img\" draggable=\"false\" src=\"https:\/\/s.w.org\/images\/core\/emoji\/15.1.0\/svg\/1f465.svg\" alt=\"\ud83d\udc65\" \/> Rejoignez le bureau<\/strong><br data-start=\"246\" data-end=\"249\" \/>Vous avez un peu de temps et l\u2019envie de vous investir sur l\u2019ann\u00e9e ? Rejoignez l\u2019\u00e9quipe du Sou des \u00c9coles et contribuez \u00e0 l\u2019organisation de nos actions pour les enfants ! <b>Am\u00e9lie nous quitte \u00e0 la fin de cette ann\u00e9e scolaire, les places sont ouvertes, nous aurons besoin de vous pour renforcer l&rsquo;\u00e9quipe \ud83d\ude42<\/b><\/p><p class=\"\" data-start=\"420\" data-end=\"617\"><strong data-start=\"420\" data-end=\"458\"><img decoding=\"async\" class=\"emoji\" role=\"img\" draggable=\"false\" src=\"https:\/\/s.w.org\/images\/core\/emoji\/15.1.0\/svg\/1f64c.svg\" alt=\"\ud83d\ude4c\" \/> Donnez un coup de main ponctuel<\/strong><br data-start=\"458\" data-end=\"461\" \/>Pas le temps toute l\u2019ann\u00e9e ? Pas de souci ! Une heure pour installer un stand, tenir la buvette ou ranger apr\u00e8s un \u00e9v\u00e9nement, c\u2019est d\u00e9j\u00e0 \u00e9norme pour nous !<\/p><p class=\"\" data-start=\"619\" data-end=\"816\"><strong data-start=\"619\" data-end=\"651\"><img decoding=\"async\" class=\"emoji\" role=\"img\" draggable=\"false\" src=\"https:\/\/s.w.org\/images\/core\/emoji\/15.1.0\/svg\/1f389.svg\" alt=\"\ud83c\udf89\" \/> Participez aux \u00e9v\u00e9nements<\/strong><br data-start=\"651\" data-end=\"654\" \/>Venez en famille, amusez-vous, et faites vivre les moments festifs ! Chaque entr\u00e9e, chaque cr\u00eape ou billet de tombola compte pour financer les projets des \u00e9coles.<\/p><p class=\"\" data-start=\"818\" data-end=\"867\"><strong data-start=\"818\" data-end=\"867\"><img decoding=\"async\" class=\"emoji\" role=\"img\" draggable=\"false\" src=\"https:\/\/s.w.org\/images\/core\/emoji\/15.1.0\/svg\/1f4a1.svg\" alt=\"\ud83d\udca1\" \/> Toute aide est pr\u00e9cieuse, \u00e0 votre mesure !<\/strong><\/p>\t\t\t\t\t\t\t\t<\/div>\n\t\t\t\t<\/div>\n\t\t\t\t\t<\/div>\n\t\t<\/div>\n\t\t\t\t\t<\/div>\n\t\t<\/section>\n\t\t\t\t<section class=\"elementor-section elementor-top-section elementor-element elementor-element-675a3bf elementor-section-boxed elementor-section-height-default elementor-section-height-default\" data-id=\"675a3bf\" data-element_type=\"section\">\n\t\t\t\t\t\t<div class=\"elementor-container elementor-column-gap-default\">\n\t\t\t\t\t<div class=\"elementor-column elementor-col-100 elementor-top-column elementor-element elementor-element-c2b9577\" data-id=\"c2b9577\" data-element_type=\"column\">\n\t\t\t<div class=\"elementor-widget-wrap elementor-element-populated\">\n\t\t\t\t\t\t<div class=\"elementor-element elementor-element-5ef32f8 elementor-widget elementor-widget-text-editor\" data-id=\"5ef32f8\" data-element_type=\"widget\" data-widget_type=\"text-editor.default\">\n\t\t\t\t<div class=\"elementor-widget-container\">\n\t\t\t\t\t\t\t\t\t<p>Vous souhaitez nous rejoindre ou simplement donner un coup de main ponctuel ? Toutes les bonnes volont\u00e9s sont les bienvenues ! Contactez-nous via notre <a class=\"\" href=\"https:\/\/soudesecolesdevarces.fr\/index.php\/contact\/\" rel=\"noopener\" data-start=\"1529\" data-end=\"1555\">formulaire de contact<\/a> ou lors de l\u2019un de nos \u00e9v\u00e9nements.<\/p>\t\t\t\t\t\t\t\t<\/div>\n\t\t\t\t<\/div>\n\t\t\t\t\t<\/div>\n\t\t<\/div>\n\t\t\t\t\t<\/div>\n\t\t<\/section>\n\t\t\t\t<\/div>\n\t\t","protected":false},"excerpt":{"rendered":"<p>Qui sommes-nous ? Le Sou des \u00c9coles de Varces Le Sou des \u00c9coles de Varces est une association de parents b\u00e9n\u00e9voles et engag\u00e9s, qui \u0153uvrent toute l\u2019ann\u00e9e pour soutenir les projets des \u00e9coles maternelle et \u00e9l\u00e9mentaire de Varces. Notre objectif ?Organiser des \u00e9v\u00e9nements festifs et conviviaux (kermesse, ventes diverses, escape game\u2026) afin de r\u00e9colter des [&hellip;]<\/p>\n","protected":false},"author":2,"featured_media":0,"parent":0,"menu_order":0,"comment_status":"closed","ping_status":"closed","template":"","meta":{"footnotes":""},"class_list":["post-241","page","type-page","status-publish","hentry"],"_links":{"self":[{"href":"https:\/\/soudesecolesdevarces.fr\/index.php\/wp-json\/wp\/v2\/pages\/241","targetHints":{"allow":["GET"]}}],"collection":[{"href":"https:\/\/soudesecolesdevarces.fr\/index.php\/wp-json\/wp\/v2\/pages"}],"about":[{"href":"https:\/\/soudesecolesdevarces.fr\/index.php\/wp-json\/wp\/v2\/types\/page"}],"author":[{"embeddable":true,"href":"https:\/\/soudesecolesdevarces.fr\/index.php\/wp-json\/wp\/v2\/users\/2"}],"replies":[{"embeddable":true,"href":"https:\/\/soudesecolesdevarces.fr\/index.php\/wp-json\/wp\/v2\/comments?post=241"}],"version-history":[{"count":13,"href":"https:\/\/soudesecolesdevarces.fr\/index.php\/wp-json\/wp\/v2\/pages\/241\/revisions"}],"predecessor-version":[{"id":488,"href":"https:\/\/soudesecolesdevarces.fr\/index.php\/wp-json\/wp\/v2\/pages\/241\/revisions\/488"}],"wp:attachment":[{"href":"https:\/\/soudesecolesdevarces.fr\/index.php\/wp-json\/wp\/v2\/media?parent=241"}],"curies":[{"name":"wp","href":"https:\/\/api.w.org\/{rel}","templated":true}]}}