{"id":489,"date":"2026-03-16T15:40:22","date_gmt":"2026-03-16T14:40:22","guid":{"rendered":"https:\/\/soudesecolesdevarces.fr\/?page_id=489"},"modified":"2026-03-16T15:40:31","modified_gmt":"2026-03-16T14:40:31","slug":"benevoles","status":"publish","type":"page","link":"https:\/\/soudesecolesdevarces.fr\/index.php\/benevoles\/","title":{"rendered":"B\u00e9n\u00e9voles"},"content":{"rendered":"\t\t<div data-elementor-type=\"wp-page\" data-elementor-id=\"489\" class=\"elementor elementor-489\">\n\t\t\t\t\t\t<section class=\"elementor-section elementor-top-section elementor-element elementor-element-75eef44 elementor-section-boxed elementor-section-height-default elementor-section-height-default\" data-id=\"75eef44\" data-element_type=\"section\">\n\t\t\t\t\t\t<div class=\"elementor-container elementor-column-gap-default\">\n\t\t\t\t\t<div class=\"elementor-column elementor-col-100 elementor-top-column elementor-element elementor-element-1caf33b\" data-id=\"1caf33b\" data-element_type=\"column\">\n\t\t\t<div class=\"elementor-widget-wrap elementor-element-populated\">\n\t\t\t\t\t\t<div class=\"elementor-element elementor-element-e8d95e6 elementor-widget elementor-widget-heading\" data-id=\"e8d95e6\" data-element_type=\"widget\" data-widget_type=\"heading.default\">\n\t\t\t\t<div class=\"elementor-widget-container\">\n\t\t\t\t\t<h2 class=\"elementor-heading-title elementor-size-default\">B\u00e9n\u00e9voles<\/h2>\t\t\t\t<\/div>\n\t\t\t\t<\/div>\n\t\t\t\t\t<\/div>\n\t\t<\/div>\n\t\t\t\t\t<\/div>\n\t\t<\/section>\n\t\t\t\t<section class=\"elementor-section elementor-top-section elementor-element elementor-element-c7c978d elementor-section-boxed elementor-section-height-default elementor-section-height-default\" data-id=\"c7c978d\" data-element_type=\"section\">\n\t\t\t\t\t\t<div class=\"elementor-container elementor-column-gap-default\">\n\t\t\t\t\t<div class=\"elementor-column elementor-col-100 elementor-top-column elementor-element elementor-element-96f3edb\" data-id=\"96f3edb\" data-element_type=\"column\">\n\t\t\t<div class=\"elementor-widget-wrap elementor-element-populated\">\n\t\t\t\t\t\t<div class=\"elementor-element elementor-element-8af96c4 elementor-widget elementor-widget-text-editor\" data-id=\"8af96c4\" data-element_type=\"widget\" data-widget_type=\"text-editor.default\">\n\t\t\t\t<div class=\"elementor-widget-container\">\n\t\t\t\t\t\t\t\t\t<p><strong data-start=\"92\" data-end=\"133\">Envie de faire partie de l\u2019aventure ?<\/strong> \ud83d\ude4c<\/p><p><br data-start=\"136\" data-end=\"139\" \/>Le Sou des \u00c9coles de Varces a besoin de vous ! Quelques parents engag\u00e9s permettent chaque ann\u00e9e d\u2019organiser des \u00e9v\u00e9nements qui financent les projets des enfants : sorties, mat\u00e9riel, activit\u00e9s\u2026<\/p><p>Vous pouvez participer de la fa\u00e7on qui vous convient le mieux : rejoindre le bureau et contribuer \u00e0 l\u2019organisation tout au long de l\u2019ann\u00e9e, aider \u00e0 pr\u00e9parer un \u00e9v\u00e9nement, ou simplement donner <strong data-start=\"524\" data-end=\"560\">1 heure de votre temps le jour J<\/strong>. M\u00eame un petit coup de main fait une vraie diff\u00e9rence !<\/p><p>Alors si vous avez envie de contribuer \u00e0 la vie des \u00e9coles tout en partageant un moment convivial avec d\u2019autres parents, inscrivez vous<strong data-start=\"738\" data-end=\"794\">\u00a0d\u00e8s maintenant pour devenir b\u00e9n\u00e9vole.<\/strong> \ud83d\udc9b<\/p>\t\t\t\t\t\t\t\t<\/div>\n\t\t\t\t<\/div>\n\t\t\t\t\t<\/div>\n\t\t<\/div>\n\t\t\t\t\t<\/div>\n\t\t<\/section>\n\t\t\t\t<section class=\"elementor-section elementor-top-section elementor-element elementor-element-14cceb1 elementor-section-boxed elementor-section-height-default elementor-section-height-default\" data-id=\"14cceb1\" data-element_type=\"section\">\n\t\t\t\t\t\t<div class=\"elementor-container elementor-column-gap-default\">\n\t\t\t\t\t<div class=\"elementor-column elementor-col-50 elementor-top-column elementor-element elementor-element-e395bb3\" data-id=\"e395bb3\" data-element_type=\"column\">\n\t\t\t<div class=\"elementor-widget-wrap elementor-element-populated\">\n\t\t\t\t\t\t<div class=\"elementor-element elementor-element-49d4118 elementor-align-center elementor-widget elementor-widget-button\" data-id=\"49d4118\" data-element_type=\"widget\" data-widget_type=\"button.default\">\n\t\t\t\t<div class=\"elementor-widget-container\">\n\t\t\t\t\t\t\t\t\t<div class=\"elementor-button-wrapper\">\n\t\t\t\t\t<a class=\"elementor-button elementor-button-link elementor-size-sm\" href=\"https:\/\/airtable.com\/appL7Lf2ntKF3eZuj\/pagDeNTMVHGXWkcmZ\/form\" target=\"_blank\">\n\t\t\t\t\t\t<span class=\"elementor-button-content-wrapper\">\n\t\t\t\t\t\t\t\t\t<span class=\"elementor-button-text\">M'inscrire comme b\u00e9n\u00e9vole <br>sur les \u00e9v\u00e8nements<\/span>\n\t\t\t\t\t<\/span>\n\t\t\t\t\t<\/a>\n\t\t\t\t<\/div>\n\t\t\t\t\t\t\t\t<\/div>\n\t\t\t\t<\/div>\n\t\t\t\t\t<\/div>\n\t\t<\/div>\n\t\t\t\t<div class=\"elementor-column elementor-col-50 elementor-top-column elementor-element elementor-element-8887d7d\" data-id=\"8887d7d\" data-element_type=\"column\">\n\t\t\t<div class=\"elementor-widget-wrap elementor-element-populated\">\n\t\t\t\t\t\t<div class=\"elementor-element elementor-element-6485b20 elementor-align-center elementor-widget elementor-widget-button\" data-id=\"6485b20\" data-element_type=\"widget\" data-widget_type=\"button.default\">\n\t\t\t\t<div class=\"elementor-widget-container\">\n\t\t\t\t\t\t\t\t\t<div class=\"elementor-button-wrapper\">\n\t\t\t\t\t<a class=\"elementor-button elementor-button-link elementor-size-sm\" href=\"https:\/\/soudesecolesdevarces.fr\/index.php\/contact\/\" target=\"_blank\">\n\t\t\t\t\t\t<span class=\"elementor-button-content-wrapper\">\n\t\t\t\t\t\t\t\t\t<span class=\"elementor-button-text\">M'inscrire comme B\u00e9n\u00e9vole <br>au bureau du Sou des \u00e9coles<\/span>\n\t\t\t\t\t<\/span>\n\t\t\t\t\t<\/a>\n\t\t\t\t<\/div>\n\t\t\t\t\t\t\t\t<\/div>\n\t\t\t\t<\/div>\n\t\t\t\t\t<\/div>\n\t\t<\/div>\n\t\t\t\t\t<\/div>\n\t\t<\/section>\n\t\t\t\t<\/div>\n\t\t","protected":false},"excerpt":{"rendered":"<p>B\u00e9n\u00e9voles Envie de faire partie de l\u2019aventure ? \ud83d\ude4c Le Sou des \u00c9coles de Varces a besoin de vous ! Quelques parents engag\u00e9s permettent chaque ann\u00e9e d\u2019organiser des \u00e9v\u00e9nements qui financent les projets des enfants : sorties, mat\u00e9riel, activit\u00e9s\u2026 Vous pouvez participer de la fa\u00e7on qui vous convient le mieux : rejoindre le bureau et [&hellip;]<\/p>\n","protected":false},"author":2,"featured_media":0,"parent":0,"menu_order":0,"comment_status":"closed","ping_status":"closed","template":"","meta":{"footnotes":""},"class_list":["post-489","page","type-page","status-publish","hentry"],"_links":{"self":[{"href":"https:\/\/soudesecolesdevarces.fr\/index.php\/wp-json\/wp\/v2\/pages\/489","targetHints":{"allow":["GET"]}}],"collection":[{"href":"https:\/\/soudesecolesdevarces.fr\/index.php\/wp-json\/wp\/v2\/pages"}],"about":[{"href":"https:\/\/soudesecolesdevarces.fr\/index.php\/wp-json\/wp\/v2\/types\/page"}],"author":[{"embeddable":true,"href":"https:\/\/soudesecolesdevarces.fr\/index.php\/wp-json\/wp\/v2\/users\/2"}],"replies":[{"embeddable":true,"href":"https:\/\/soudesecolesdevarces.fr\/index.php\/wp-json\/wp\/v2\/comments?post=489"}],"version-history":[{"count":4,"href":"https:\/\/soudesecolesdevarces.fr\/index.php\/wp-json\/wp\/v2\/pages\/489\/revisions"}],"predecessor-version":[{"id":493,"href":"https:\/\/soudesecolesdevarces.fr\/index.php\/wp-json\/wp\/v2\/pages\/489\/revisions\/493"}],"wp:attachment":[{"href":"https:\/\/soudesecolesdevarces.fr\/index.php\/wp-json\/wp\/v2\/media?parent=489"}],"curies":[{"name":"wp","href":"https:\/\/api.w.org\/{rel}","templated":true}]}}